{"id":7,"date":"2026-04-29T15:36:57","date_gmt":"2026-04-29T08:36:57","guid":{"rendered":"https:\/\/123b.llc\/?page_id=7"},"modified":"2026-04-29T15:50:17","modified_gmt":"2026-04-29T08:50:17","slug":"trang-chu","status":"publish","type":"page","link":"https:\/\/123b.llc\/","title":{"rendered":"TRANG CH\u1ee6"},"content":{"rendered":"\t<div class=\"img has-hover x md-x lg-x y md-y lg-y\" id=\"image_700299122\">\n\t\t\t\t\t\t\t\t<div class=\"img-inner dark\" >\n\t\t\t<img loading=\"lazy\" decoding=\"async\" width=\"1920\" height=\"480\" src=\"https:\/\/123b.llc\/wp-content\/uploads\/2026\/04\/123b-chao-mung-hoi-vien-moi.webp\" class=\"attachment-original size-original\" alt=\"\" srcset=\"https:\/\/123b.llc\/wp-content\/uploads\/2026\/04\/123b-chao-mung-hoi-vien-moi.webp 1920w, https:\/\/123b.llc\/wp-content\/uploads\/2026\/04\/123b-chao-mung-hoi-vien-moi-300x75.webp 300w, https:\/\/123b.llc\/wp-content\/uploads\/2026\/04\/123b-chao-mung-hoi-vien-moi-1024x256.webp 1024w, https:\/\/123b.llc\/wp-content\/uploads\/2026\/04\/123b-chao-mung-hoi-vien-moi-768x192.webp 768w, https:\/\/123b.llc\/wp-content\/uploads\/2026\/04\/123b-chao-mung-hoi-vien-moi-1536x384.webp 1536w\" sizes=\"auto, (max-width: 1920px) 100vw, 1920px\" \/>\t\t\t\t\t\t\n\t\t\t\t\t<\/div>\n\t\t\t\t\t\t\t\t\n<style>\n#image_700299122 {\n  width: 100%;\n}\n<\/style>\n\t<\/div>\n\t\n\t<section class=\"section\" id=\"section_1547295696\">\n\t\t<div class=\"bg section-bg fill bg-fill  bg-loaded\" >\n\n\t\t\t\n\t\t\t\n\t\t\t\n\n\t\t<\/div>\n\n\t\t\n\n\t\t<div class=\"section-content relative\">\n\t\t\t\n<div class=\"row\"  id=\"row-798424825\">\n\n\t<div id=\"col-847500962\" class=\"col medium-3 small-6 large-3\"  >\n\t\t\t\t<div class=\"col-inner\"  >\n\t\t\t\n\t\t\t\n\t<div class=\"box has-hover box-shadow-3  has-hover box-push box-text-bottom\" >\n\n\t\t<div class=\"box-image\" >\n\t\t\t\t\t\t<div class=\"\" >\n\t\t\t\t<img loading=\"lazy\" decoding=\"async\" width=\"300\" height=\"300\" src=\"https:\/\/123b.llc\/wp-content\/uploads\/2026\/04\/dang-ky-123b.webp\" class=\"attachment- size-\" alt=\"\" srcset=\"https:\/\/123b.llc\/wp-content\/uploads\/2026\/04\/dang-ky-123b.webp 300w, https:\/\/123b.llc\/wp-content\/uploads\/2026\/04\/dang-ky-123b-150x150.webp 150w\" sizes=\"auto, (max-width: 300px) 100vw, 300px\" \/>\t\t\t\t\t\t\t\t\t\t\t<\/div>\n\t\t\t\t\t<\/div>\n\n\t\t<div class=\"box-text text-center\" >\n\t\t\t<div class=\"box-text-inner\">\n\t\t\t\t\n<h3 style=\"text-align: center;\"><strong>\u0110\u0103ng K\u00fd 123B<\/strong><\/h3>\n\t\t\t<\/div>\n\t\t<\/div>\n\t<\/div>\n\t\n\t\t<\/div>\n\t\t\t\t\t<\/div>\n\n\t\n\n\t<div id=\"col-543514874\" class=\"col medium-3 small-6 large-3\"  >\n\t\t\t\t<div class=\"col-inner\"  >\n\t\t\t\n\t\t\t\n\t<div class=\"box has-hover box-shadow-3  has-hover box-push box-text-bottom\" >\n\n\t\t<div class=\"box-image\" >\n\t\t\t\t\t\t<div class=\"\" >\n\t\t\t\t<img loading=\"lazy\" decoding=\"async\" width=\"300\" height=\"300\" src=\"https:\/\/123b.llc\/wp-content\/uploads\/2026\/04\/nap-tien-123b.webp\" class=\"attachment- size-\" alt=\"\" srcset=\"https:\/\/123b.llc\/wp-content\/uploads\/2026\/04\/nap-tien-123b.webp 300w, https:\/\/123b.llc\/wp-content\/uploads\/2026\/04\/nap-tien-123b-150x150.webp 150w\" sizes=\"auto, (max-width: 300px) 100vw, 300px\" \/>\t\t\t\t\t\t\t\t\t\t\t<\/div>\n\t\t\t\t\t<\/div>\n\n\t\t<div class=\"box-text text-center\" >\n\t\t\t<div class=\"box-text-inner\">\n\t\t\t\t\n<h3 style=\"text-align: center;\"><strong>N\u1ea1p Ti\u1ec1n 123B<\/strong><\/h3>\n\t\t\t<\/div>\n\t\t<\/div>\n\t<\/div>\n\t\n\t\t<\/div>\n\t\t\t\t\t<\/div>\n\n\t\n\n\t<div id=\"col-1009879017\" class=\"col medium-3 small-6 large-3\"  >\n\t\t\t\t<div class=\"col-inner\"  >\n\t\t\t\n\t\t\t\n\t<div class=\"box has-hover box-shadow-3  has-hover box-push box-text-bottom\" >\n\n\t\t<div class=\"box-image\" >\n\t\t\t\t\t\t<div class=\"\" >\n\t\t\t\t<img loading=\"lazy\" decoding=\"async\" width=\"300\" height=\"300\" src=\"https:\/\/123b.llc\/wp-content\/uploads\/2026\/04\/rut-tien-123b.webp\" class=\"attachment- size-\" alt=\"\" srcset=\"https:\/\/123b.llc\/wp-content\/uploads\/2026\/04\/rut-tien-123b.webp 300w, https:\/\/123b.llc\/wp-content\/uploads\/2026\/04\/rut-tien-123b-150x150.webp 150w\" sizes=\"auto, (max-width: 300px) 100vw, 300px\" \/>\t\t\t\t\t\t\t\t\t\t\t<\/div>\n\t\t\t\t\t<\/div>\n\n\t\t<div class=\"box-text text-center\" >\n\t\t\t<div class=\"box-text-inner\">\n\t\t\t\t\n<h3 style=\"text-align: center;\"><strong>R\u00fat Ti\u1ec1n 123B<\/strong><\/h3>\n\t\t\t<\/div>\n\t\t<\/div>\n\t<\/div>\n\t\n\t\t<\/div>\n\t\t\t\t\t<\/div>\n\n\t\n\n\t<div id=\"col-1885926905\" class=\"col medium-3 small-6 large-3\"  >\n\t\t\t\t<div class=\"col-inner\"  >\n\t\t\t\n\t\t\t\n\t<div class=\"box has-hover box-shadow-3  has-hover box-push box-text-bottom\" >\n\n\t\t<div class=\"box-image\" >\n\t\t\t\t\t\t<div class=\"\" >\n\t\t\t\t<img loading=\"lazy\" decoding=\"async\" width=\"300\" height=\"300\" src=\"https:\/\/123b.llc\/wp-content\/uploads\/2026\/04\/tai-app-123b.webp\" class=\"attachment- size-\" alt=\"\" srcset=\"https:\/\/123b.llc\/wp-content\/uploads\/2026\/04\/tai-app-123b.webp 300w, https:\/\/123b.llc\/wp-content\/uploads\/2026\/04\/tai-app-123b-150x150.webp 150w\" sizes=\"auto, (max-width: 300px) 100vw, 300px\" \/>\t\t\t\t\t\t\t\t\t\t\t<\/div>\n\t\t\t\t\t<\/div>\n\n\t\t<div class=\"box-text text-center\" >\n\t\t\t<div class=\"box-text-inner\">\n\t\t\t\t\n<h3 style=\"text-align: center;\"><strong>T\u1ea3i App 123B<\/strong><\/h3>\n\t\t\t<\/div>\n\t\t<\/div>\n\t<\/div>\n\t\n\t\t<\/div>\n\t\t\t\t\t<\/div>\n\n\t\n<\/div>\n<div class=\"row\"  id=\"row-71114086\">\n\n\t<div id=\"col-68073853\" class=\"col small-12 large-12\"  >\n\t\t\t\t<div class=\"col-inner\"  >\n\t\t\t\n\t\t\t\n<div class=\"container section-title-container\" ><h2 class=\"section-title section-title-center\"><b><\/b><span class=\"section-title-main\" >Lorem ipsum dolor sit amet...<\/span><b><\/b><\/h2><\/div>\n<p>Lorem ipsum dolor sit amet, consectetuer adipiscing elit, sed diam nonummy nibh euismod tincidunt ut laoreet dolore magna aliquam erat volutpat.Lorem ipsum dolor sit amet, consectetuer adipiscing elit, sed diam nonummy nibh euismod tincidunt ut laoreet dolore magna aliquam erat volutpat.<\/p>\n<p>Lorem ipsum dolor sit amet, consectetuer adipiscing elit, sed diam nonummy nibh euismod tincidunt ut laoreet dolore magna aliquam erat volutpat.Lorem ipsum dolor sit amet, consectetuer adipiscing elit, sed diam nonummy nibh euismod tincidunt ut laoreet dolore magna aliquam erat volutpat.<\/p>\n<p>Lorem ipsum dolor sit amet, consectetuer adipiscing elit, sed diam nonummy nibh euismod tincidunt ut laoreet dolore magna aliquam erat volutpat.Lorem ipsum dolor sit amet, consectetuer adipiscing elit, sed diam nonummy nibh euismod tincidunt ut laoreet dolore magna aliquam erat volutpat.<\/p>\n<p>Lorem ipsum dolor sit amet, consectetuer adipiscing elit, sed diam nonummy nibh euismod tincidunt ut laoreet dolore magna aliquam erat volutpat.Lorem ipsum dolor sit amet, consectetuer adipiscing elit, sed diam nonummy nibh euismod tincidunt ut laoreet dolore magna aliquam erat volutpat.<\/p>\n<p>Lorem ipsum dolor sit amet, consectetuer adipiscing elit, sed diam nonummy nibh euismod tincidunt ut laoreet dolore magna aliquam erat volutpat.Lorem ipsum dolor sit amet, consectetuer adipiscing elit, sed diam nonummy nibh euismod tincidunt ut laoreet dolore magna aliquam erat volutpat.<\/p>\n<p>Lorem ipsum dolor sit amet, consectetuer adipiscing elit, sed diam nonummy nibh euismod tincidunt ut laoreet dolore magna aliquam erat volutpat.Lorem ipsum dolor sit amet, consectetuer adipiscing elit, sed diam nonummy nibh euismod tincidunt ut laoreet dolore magna aliquam erat volutpat.<\/p>\n\t\t<\/div>\n\t\t\t\t\t<\/div>\n\n\t\n<\/div>\n\t\t<\/div>\n\n\t\t\n<style>\n#section_1547295696 {\n  padding-top: 30px;\n  padding-bottom: 30px;\n}\n<\/style>\n\t<\/section>\n\t\n","protected":false},"excerpt":{"rendered":"","protected":false},"author":1,"featured_media":0,"parent":0,"menu_order":0,"comment_status":"closed","ping_status":"closed","template":"page-blank.php","meta":{"footnotes":""},"class_list":["post-7","page","type-page","status-publish","hentry"],"_links":{"self":[{"href":"https:\/\/123b.llc\/index.php\/wp-json\/wp\/v2\/pages\/7","targetHints":{"allow":["GET"]}}],"collection":[{"href":"https:\/\/123b.llc\/index.php\/wp-json\/wp\/v2\/pages"}],"about":[{"href":"https:\/\/123b.llc\/index.php\/wp-json\/wp\/v2\/types\/page"}],"author":[{"embeddable":true,"href":"https:\/\/123b.llc\/index.php\/wp-json\/wp\/v2\/users\/1"}],"replies":[{"embeddable":true,"href":"https:\/\/123b.llc\/index.php\/wp-json\/wp\/v2\/comments?post=7"}],"version-history":[{"count":9,"href":"https:\/\/123b.llc\/index.php\/wp-json\/wp\/v2\/pages\/7\/revisions"}],"predecessor-version":[{"id":55,"href":"https:\/\/123b.llc\/index.php\/wp-json\/wp\/v2\/pages\/7\/revisions\/55"}],"wp:attachment":[{"href":"https:\/\/123b.llc\/index.php\/wp-json\/wp\/v2\/media?parent=7"}],"curies":[{"name":"wp","href":"https:\/\/api.w.org\/{rel}","templated":true}]}}